{"id":4423,"date":"2019-10-18T10:53:29","date_gmt":"2019-10-18T10:53:29","guid":{"rendered":"https:\/\/peluqueriaaranchagonzalez.com\/servizos\/"},"modified":"2024-06-21T06:47:27","modified_gmt":"2024-06-21T06:47:27","slug":"servizos","status":"publish","type":"page","link":"https:\/\/peluqueriaaranchagonzalez.com\/gl\/servizos\/","title":{"rendered":"Servizos"},"content":{"rendered":"\t\t<div data-elementor-type=\"wp-page\" data-elementor-id=\"4423\" class=\"elementor elementor-4423 elementor-2057\">\n\t\t\t\t\t\t<section class=\"elementor-section elementor-top-section elementor-element elementor-element-cc250db elementor-section-boxed elementor-section-height-default elementor-section-height-default\" data-id=\"cc250db\" data-element_type=\"section\" data-settings=\"{&quot;jet_parallax_layout_list&quot;:[{&quot;jet_parallax_layout_image&quot;:{&quot;url&quot;:&quot;&quot;,&quot;id&quot;:&quot;&quot;,&quot;size&quot;:&quot;&quot;},&quot;_id&quot;:&quot;ba39830&quot;,&quot;jet_parallax_layout_image_tablet&quot;:{&quot;url&quot;:&quot;&quot;,&quot;id&quot;:&quot;&quot;,&quot;size&quot;:&quot;&quot;},&quot;jet_parallax_layout_image_mobile&quot;:{&quot;url&quot;:&quot;&quot;,&quot;id&quot;:&quot;&quot;,&quot;size&quot;:&quot;&quot;},&quot;jet_parallax_layout_speed&quot;:{&quot;unit&quot;:&quot;%&quot;,&quot;size&quot;:50,&quot;sizes&quot;:[]},&quot;jet_parallax_layout_type&quot;:&quot;scroll&quot;,&quot;jet_parallax_layout_direction&quot;:null,&quot;jet_parallax_layout_fx_direction&quot;:null,&quot;jet_parallax_layout_z_index&quot;:&quot;&quot;,&quot;jet_parallax_layout_bg_x&quot;:50,&quot;jet_parallax_layout_bg_x_tablet&quot;:&quot;&quot;,&quot;jet_parallax_layout_bg_x_mobile&quot;:&quot;&quot;,&quot;jet_parallax_layout_bg_y&quot;:50,&quot;jet_parallax_layout_bg_y_tablet&quot;:&quot;&quot;,&quot;jet_parallax_layout_bg_y_mobile&quot;:&quot;&quot;,&quot;jet_parallax_layout_bg_size&quot;:&quot;auto&quot;,&quot;jet_parallax_layout_bg_size_tablet&quot;:&quot;&quot;,&quot;jet_parallax_layout_bg_size_mobile&quot;:&quot;&quot;,&quot;jet_parallax_layout_animation_prop&quot;:&quot;transform&quot;,&quot;jet_parallax_layout_on&quot;:[&quot;desktop&quot;,&quot;tablet&quot;]}]}\">\n\t\t\t\t\t\t<div class=\"elementor-container elementor-column-gap-default\">\n\t\t\t\t\t<div class=\"elementor-column elementor-col-100 elementor-top-column elementor-element elementor-element-27b8f42\" data-id=\"27b8f42\" data-element_type=\"column\">\n\t\t\t<div class=\"elementor-widget-wrap elementor-element-populated\">\n\t\t\t\t\t\t<div class=\"elementor-element elementor-element-a2e9f62 elementor-widget elementor-widget-jet-headline\" data-id=\"a2e9f62\" data-element_type=\"widget\" data-widget_type=\"jet-headline.default\">\n\t\t\t\t<div class=\"elementor-widget-container\">\n\t\t\t\t\t<h1 class=\"jet-headline jet-headline--direction-horizontal\"><span class=\"jet-headline__part jet-headline__first\"><span class=\"jet-headline__label\">O noso  <\/span><\/span><span class=\"jet-headline__space\">&nbsp;<\/span><span class=\"jet-headline__part jet-headline__second\"><span class=\"jet-headline__label\">Servizos<\/span><\/span><\/h1>\t\t\t\t<\/div>\n\t\t\t\t<\/div>\n\t\t\t\t\t<\/div>\n\t\t<\/div>\n\t\t\t\t\t<\/div>\n\t\t<\/section>\n\t\t\t\t<section class=\"elementor-section elementor-top-section elementor-element elementor-element-83c8dc8 elementor-section-boxed elementor-section-height-default elementor-section-height-default\" data-id=\"83c8dc8\" data-element_type=\"section\" data-settings=\"{&quot;jet_parallax_layout_list&quot;:[{&quot;jet_parallax_layout_image&quot;:{&quot;url&quot;:&quot;&quot;,&quot;id&quot;:&quot;&quot;,&quot;size&quot;:&quot;&quot;},&quot;_id&quot;:&quot;ba39830&quot;,&quot;jet_parallax_layout_image_tablet&quot;:{&quot;url&quot;:&quot;&quot;,&quot;id&quot;:&quot;&quot;,&quot;size&quot;:&quot;&quot;},&quot;jet_parallax_layout_image_mobile&quot;:{&quot;url&quot;:&quot;&quot;,&quot;id&quot;:&quot;&quot;,&quot;size&quot;:&quot;&quot;},&quot;jet_parallax_layout_speed&quot;:{&quot;unit&quot;:&quot;%&quot;,&quot;size&quot;:50,&quot;sizes&quot;:[]},&quot;jet_parallax_layout_type&quot;:&quot;scroll&quot;,&quot;jet_parallax_layout_direction&quot;:null,&quot;jet_parallax_layout_fx_direction&quot;:null,&quot;jet_parallax_layout_z_index&quot;:&quot;&quot;,&quot;jet_parallax_layout_bg_x&quot;:50,&quot;jet_parallax_layout_bg_x_tablet&quot;:&quot;&quot;,&quot;jet_parallax_layout_bg_x_mobile&quot;:&quot;&quot;,&quot;jet_parallax_layout_bg_y&quot;:50,&quot;jet_parallax_layout_bg_y_tablet&quot;:&quot;&quot;,&quot;jet_parallax_layout_bg_y_mobile&quot;:&quot;&quot;,&quot;jet_parallax_layout_bg_size&quot;:&quot;auto&quot;,&quot;jet_parallax_layout_bg_size_tablet&quot;:&quot;&quot;,&quot;jet_parallax_layout_bg_size_mobile&quot;:&quot;&quot;,&quot;jet_parallax_layout_animation_prop&quot;:&quot;transform&quot;,&quot;jet_parallax_layout_on&quot;:[&quot;desktop&quot;,&quot;tablet&quot;]}]}\">\n\t\t\t\t\t\t<div class=\"elementor-container elementor-column-gap-default\">\n\t\t\t\t\t<div class=\"elementor-column elementor-col-33 elementor-top-column elementor-element elementor-element-20572c2\" data-id=\"20572c2\" data-element_type=\"column\">\n\t\t\t<div class=\"elementor-widget-wrap elementor-element-populated\">\n\t\t\t\t\t\t<div class=\"elementor-element elementor-element-22fc010 elementor-widget elementor-widget-jet-team-member\" data-id=\"22fc010\" data-element_type=\"widget\" data-widget_type=\"jet-team-member.default\">\n\t\t\t\t<div class=\"elementor-widget-container\">\n\t\t\t\t\t<div class=\"elementor-jet-team-member jet-elements\"><div class=\"jet-team-member jet-team-member--cover-hover\">\n\t<div class=\"jet-team-member__inner\">\n\t\t<div class=\"jet-team-member__image\">\n\t\t\t<div class=\"jet-team-member__cover\"><div class=\"jet-team-member__socials\"><\/div><\/div>\n\t\t\t<figure class=\"jet-team-member__figure\"><img fetchpriority=\"high\" decoding=\"async\" width=\"432\" height=\"434\" src=\"https:\/\/peluqueriaaranchagonzalez.com\/wp-content\/uploads\/2024\/06\/Diseno-sin-titulo140.jpg\" class=\"jet-team-member__img-tag\" alt=\"corte1\" srcset=\"https:\/\/peluqueriaaranchagonzalez.com\/wp-content\/uploads\/2024\/06\/Diseno-sin-titulo140.jpg 432w, https:\/\/peluqueriaaranchagonzalez.com\/wp-content\/uploads\/2024\/06\/Diseno-sin-titulo140-300x300.jpg 300w, https:\/\/peluqueriaaranchagonzalez.com\/wp-content\/uploads\/2024\/06\/Diseno-sin-titulo140-150x150.jpg 150w, https:\/\/peluqueriaaranchagonzalez.com\/wp-content\/uploads\/2024\/06\/Diseno-sin-titulo140-230x230.jpg 230w\" sizes=\"(max-width: 432px) 100vw, 432px\" \/><\/figure>\t\t<\/div>\n\t\t<div class=\"jet-team-member__content\"><h2 class=\"jet-team-member__name\"><span class=\"jet-team-member__name-first\">CORTE DE PELO<\/span><\/h2><div class=\"jet-team-member__button-container\"><a class=\"elementor-button elementor-size-md jet-team-member__button\" href=\"https:\/\/peluqueriaaranchagonzalez.com\/gl\/cortes\/\">Saber m\u00e1is<\/a><\/div><\/div>\n\t<\/div>\n<\/div>\n<\/div>\t\t\t\t<\/div>\n\t\t\t\t<\/div>\n\t\t\t\t<div class=\"elementor-element elementor-element-16894a1 elementor-widget elementor-widget-jet-team-member\" data-id=\"16894a1\" data-element_type=\"widget\" data-widget_type=\"jet-team-member.default\">\n\t\t\t\t<div class=\"elementor-widget-container\">\n\t\t\t\t\t<div class=\"elementor-jet-team-member jet-elements\"><div class=\"jet-team-member jet-team-member--cover-hover\">\n\t<div class=\"jet-team-member__inner\">\n\t\t<div class=\"jet-team-member__image\">\n\t\t\t<div class=\"jet-team-member__cover\"><div class=\"jet-team-member__socials\"><\/div><\/div>\n\t\t\t<figure class=\"jet-team-member__figure\"><img decoding=\"async\" width=\"432\" height=\"434\" src=\"https:\/\/peluqueriaaranchagonzalez.com\/wp-content\/uploads\/2024\/06\/Diseno-sin-titulo145.jpg\" class=\"jet-team-member__img-tag\" alt=\"inicio3\" srcset=\"https:\/\/peluqueriaaranchagonzalez.com\/wp-content\/uploads\/2024\/06\/Diseno-sin-titulo145.jpg 432w, https:\/\/peluqueriaaranchagonzalez.com\/wp-content\/uploads\/2024\/06\/Diseno-sin-titulo145-300x300.jpg 300w, https:\/\/peluqueriaaranchagonzalez.com\/wp-content\/uploads\/2024\/06\/Diseno-sin-titulo145-150x150.jpg 150w, https:\/\/peluqueriaaranchagonzalez.com\/wp-content\/uploads\/2024\/06\/Diseno-sin-titulo145-230x230.jpg 230w\" sizes=\"(max-width: 432px) 100vw, 432px\" \/><\/figure>\t\t<\/div>\n\t\t<div class=\"jet-team-member__content\"><h2 class=\"jet-team-member__name\"><span class=\"jet-team-member__name-first\">PEITEADOS E PICKUPS<\/span><\/h2><div class=\"jet-team-member__button-container\"><a class=\"elementor-button elementor-size-md jet-team-member__button\" href=\"https:\/\/peluqueriaaranchagonzalez.com\/gl\/peiteados\/\">Saber m\u00e1is<\/a><\/div><\/div>\n\t<\/div>\n<\/div>\n<\/div>\t\t\t\t<\/div>\n\t\t\t\t<\/div>\n\t\t\t\t\t<\/div>\n\t\t<\/div>\n\t\t\t\t<div class=\"elementor-column elementor-col-33 elementor-top-column elementor-element elementor-element-68f51eb\" data-id=\"68f51eb\" data-element_type=\"column\">\n\t\t\t<div class=\"elementor-widget-wrap elementor-element-populated\">\n\t\t\t\t\t\t<div class=\"elementor-element elementor-element-26bc7ab elementor-widget elementor-widget-jet-team-member\" data-id=\"26bc7ab\" data-element_type=\"widget\" data-widget_type=\"jet-team-member.default\">\n\t\t\t\t<div class=\"elementor-widget-container\">\n\t\t\t\t\t<div class=\"elementor-jet-team-member jet-elements\"><div class=\"jet-team-member jet-team-member--cover-hover\">\n\t<div class=\"jet-team-member__inner\">\n\t\t<div class=\"jet-team-member__image\">\n\t\t\t<div class=\"jet-team-member__cover\"><div class=\"jet-team-member__socials\"><\/div><\/div>\n\t\t\t<figure class=\"jet-team-member__figure\"><img decoding=\"async\" width=\"432\" height=\"434\" src=\"https:\/\/peluqueriaaranchagonzalez.com\/wp-content\/uploads\/2024\/06\/Diseno-sin-titulo143.jpg\" class=\"jet-team-member__img-tag\" alt=\"coloracion\" srcset=\"https:\/\/peluqueriaaranchagonzalez.com\/wp-content\/uploads\/2024\/06\/Diseno-sin-titulo143.jpg 432w, https:\/\/peluqueriaaranchagonzalez.com\/wp-content\/uploads\/2024\/06\/Diseno-sin-titulo143-300x300.jpg 300w, https:\/\/peluqueriaaranchagonzalez.com\/wp-content\/uploads\/2024\/06\/Diseno-sin-titulo143-150x150.jpg 150w, https:\/\/peluqueriaaranchagonzalez.com\/wp-content\/uploads\/2024\/06\/Diseno-sin-titulo143-230x230.jpg 230w\" sizes=\"(max-width: 432px) 100vw, 432px\" \/><\/figure>\t\t<\/div>\n\t\t<div class=\"jet-team-member__content\"><h2 class=\"jet-team-member__name\"><span class=\"jet-team-member__name-first\">COLORACI\u00d3N<\/span><\/h2><div class=\"jet-team-member__button-container\"><a class=\"elementor-button elementor-size-md jet-team-member__button\" href=\"https:\/\/peluqueriaaranchagonzalez.com\/gl\/coloracion\/\">Saber m\u00e1is<\/a><\/div><\/div>\n\t<\/div>\n<\/div>\n<\/div>\t\t\t\t<\/div>\n\t\t\t\t<\/div>\n\t\t\t\t<div class=\"elementor-element elementor-element-c6bb62a elementor-widget elementor-widget-jet-team-member\" data-id=\"c6bb62a\" data-element_type=\"widget\" data-widget_type=\"jet-team-member.default\">\n\t\t\t\t<div class=\"elementor-widget-container\">\n\t\t\t\t\t<div class=\"elementor-jet-team-member jet-elements\"><div class=\"jet-team-member jet-team-member--cover-hover\">\n\t<div class=\"jet-team-member__inner\">\n\t\t<div class=\"jet-team-member__image\">\n\t\t\t<div class=\"jet-team-member__cover\"><div class=\"jet-team-member__socials\"><\/div><\/div>\n\t\t\t<figure class=\"jet-team-member__figure\"><img loading=\"lazy\" decoding=\"async\" width=\"432\" height=\"434\" src=\"https:\/\/peluqueriaaranchagonzalez.com\/wp-content\/uploads\/2024\/06\/Diseno-sin-titulo147.jpg\" class=\"jet-team-member__img-tag\" alt=\"maquillaje1\" srcset=\"https:\/\/peluqueriaaranchagonzalez.com\/wp-content\/uploads\/2024\/06\/Diseno-sin-titulo147.jpg 432w, https:\/\/peluqueriaaranchagonzalez.com\/wp-content\/uploads\/2024\/06\/Diseno-sin-titulo147-300x300.jpg 300w, https:\/\/peluqueriaaranchagonzalez.com\/wp-content\/uploads\/2024\/06\/Diseno-sin-titulo147-150x150.jpg 150w, https:\/\/peluqueriaaranchagonzalez.com\/wp-content\/uploads\/2024\/06\/Diseno-sin-titulo147-230x230.jpg 230w\" sizes=\"(max-width: 432px) 100vw, 432px\" \/><\/figure>\t\t<\/div>\n\t\t<div class=\"jet-team-member__content\"><h2 class=\"jet-team-member__name\"><span class=\"jet-team-member__name-first\">MAQUILLAXE E MANICURAS<\/span><\/h2><div class=\"jet-team-member__button-container\"><a class=\"elementor-button elementor-size-md jet-team-member__button\" href=\"https:\/\/peluqueriaaranchagonzalez.com\/gl\/maquillaxe-e-manicura\/\">Saber m\u00e1is<\/a><\/div><\/div>\n\t<\/div>\n<\/div>\n<\/div>\t\t\t\t<\/div>\n\t\t\t\t<\/div>\n\t\t\t\t\t<\/div>\n\t\t<\/div>\n\t\t\t\t<div class=\"elementor-column elementor-col-33 elementor-top-column elementor-element elementor-element-1ec3b55\" data-id=\"1ec3b55\" data-element_type=\"column\">\n\t\t\t<div class=\"elementor-widget-wrap elementor-element-populated\">\n\t\t\t\t\t\t<div class=\"elementor-element elementor-element-94483c3 elementor-widget elementor-widget-jet-team-member\" data-id=\"94483c3\" data-element_type=\"widget\" data-widget_type=\"jet-team-member.default\">\n\t\t\t\t<div class=\"elementor-widget-container\">\n\t\t\t\t\t<div class=\"elementor-jet-team-member jet-elements\"><div class=\"jet-team-member jet-team-member--cover-hover\">\n\t<div class=\"jet-team-member__inner\">\n\t\t<div class=\"jet-team-member__image\">\n\t\t\t<div class=\"jet-team-member__cover\"><div class=\"jet-team-member__socials\"><\/div><\/div>\n\t\t\t<figure class=\"jet-team-member__figure\"><img loading=\"lazy\" decoding=\"async\" width=\"432\" height=\"434\" src=\"https:\/\/peluqueriaaranchagonzalez.com\/wp-content\/uploads\/2024\/06\/Diseno-sin-titulo144.jpg\" class=\"jet-team-member__img-tag\" alt=\"tratamientos1\" srcset=\"https:\/\/peluqueriaaranchagonzalez.com\/wp-content\/uploads\/2024\/06\/Diseno-sin-titulo144.jpg 432w, https:\/\/peluqueriaaranchagonzalez.com\/wp-content\/uploads\/2024\/06\/Diseno-sin-titulo144-300x300.jpg 300w, https:\/\/peluqueriaaranchagonzalez.com\/wp-content\/uploads\/2024\/06\/Diseno-sin-titulo144-150x150.jpg 150w, https:\/\/peluqueriaaranchagonzalez.com\/wp-content\/uploads\/2024\/06\/Diseno-sin-titulo144-230x230.jpg 230w\" sizes=\"(max-width: 432px) 100vw, 432px\" \/><\/figure>\t\t<\/div>\n\t\t<div class=\"jet-team-member__content\"><h2 class=\"jet-team-member__name\"><span class=\"jet-team-member__name-first\">TRATAMENTOS CABELLO<\/span><\/h2><div class=\"jet-team-member__button-container\"><a class=\"elementor-button elementor-size-md jet-team-member__button\" href=\"https:\/\/peluqueriaaranchagonzalez.com\/gl\/tratamentos\/\">Saber m\u00e1is<\/a><\/div><\/div>\n\t<\/div>\n<\/div>\n<\/div>\t\t\t\t<\/div>\n\t\t\t\t<\/div>\n\t\t\t\t<div class=\"elementor-element elementor-element-81f09a3 elementor-widget elementor-widget-jet-team-member\" data-id=\"81f09a3\" data-element_type=\"widget\" data-widget_type=\"jet-team-member.default\">\n\t\t\t\t<div class=\"elementor-widget-container\">\n\t\t\t\t\t<div class=\"elementor-jet-team-member jet-elements\"><div class=\"jet-team-member jet-team-member--cover-hover\">\n\t<div class=\"jet-team-member__inner\">\n\t\t<div class=\"jet-team-member__image\">\n\t\t\t<div class=\"jet-team-member__cover\"><div class=\"jet-team-member__socials\"><\/div><\/div>\n\t\t\t<figure class=\"jet-team-member__figure\"><img loading=\"lazy\" decoding=\"async\" width=\"432\" height=\"434\" src=\"https:\/\/peluqueriaaranchagonzalez.com\/wp-content\/uploads\/2024\/06\/Diseno-sin-titulo141.jpg\" class=\"jet-team-member__img-tag\" alt=\"inicio6\" srcset=\"https:\/\/peluqueriaaranchagonzalez.com\/wp-content\/uploads\/2024\/06\/Diseno-sin-titulo141.jpg 432w, https:\/\/peluqueriaaranchagonzalez.com\/wp-content\/uploads\/2024\/06\/Diseno-sin-titulo141-300x300.jpg 300w, https:\/\/peluqueriaaranchagonzalez.com\/wp-content\/uploads\/2024\/06\/Diseno-sin-titulo141-150x150.jpg 150w, https:\/\/peluqueriaaranchagonzalez.com\/wp-content\/uploads\/2024\/06\/Diseno-sin-titulo141-230x230.jpg 230w\" sizes=\"(max-width: 432px) 100vw, 432px\" \/><\/figure>\t\t<\/div>\n\t\t<div class=\"jet-team-member__content\"><h2 class=\"jet-team-member__name\"><span class=\"jet-team-member__name-first\">PRESOTERAPIA<\/span><\/h2><div class=\"jet-team-member__button-container\"><a class=\"elementor-button elementor-size-md jet-team-member__button\" href=\"https:\/\/peluqueriaaranchagonzalez.com\/gl\/presoterapia\/\">Saber m\u00e1is<\/a><\/div><\/div>\n\t<\/div>\n<\/div>\n<\/div>\t\t\t\t<\/div>\n\t\t\t\t<\/div>\n\t\t\t\t\t<\/div>\n\t\t<\/div>\n\t\t\t\t\t<\/div>\n\t\t<\/section>\n\t\t\t\t<section class=\"elementor-section elementor-top-section elementor-element elementor-element-aa476ef elementor-section-boxed elementor-section-height-default elementor-section-height-default\" data-id=\"aa476ef\" data-element_type=\"section\" data-settings=\"{&quot;jet_parallax_layout_list&quot;:[{&quot;jet_parallax_layout_image&quot;:{&quot;url&quot;:&quot;&quot;,&quot;id&quot;:&quot;&quot;,&quot;size&quot;:&quot;&quot;},&quot;_id&quot;:&quot;89e7763&quot;,&quot;jet_parallax_layout_image_tablet&quot;:{&quot;url&quot;:&quot;&quot;,&quot;id&quot;:&quot;&quot;,&quot;size&quot;:&quot;&quot;},&quot;jet_parallax_layout_image_mobile&quot;:{&quot;url&quot;:&quot;&quot;,&quot;id&quot;:&quot;&quot;,&quot;size&quot;:&quot;&quot;},&quot;jet_parallax_layout_speed&quot;:{&quot;unit&quot;:&quot;%&quot;,&quot;size&quot;:50,&quot;sizes&quot;:[]},&quot;jet_parallax_layout_type&quot;:&quot;scroll&quot;,&quot;jet_parallax_layout_direction&quot;:null,&quot;jet_parallax_layout_fx_direction&quot;:null,&quot;jet_parallax_layout_z_index&quot;:&quot;&quot;,&quot;jet_parallax_layout_bg_x&quot;:50,&quot;jet_parallax_layout_bg_x_tablet&quot;:&quot;&quot;,&quot;jet_parallax_layout_bg_x_mobile&quot;:&quot;&quot;,&quot;jet_parallax_layout_bg_y&quot;:50,&quot;jet_parallax_layout_bg_y_tablet&quot;:&quot;&quot;,&quot;jet_parallax_layout_bg_y_mobile&quot;:&quot;&quot;,&quot;jet_parallax_layout_bg_size&quot;:&quot;auto&quot;,&quot;jet_parallax_layout_bg_size_tablet&quot;:&quot;&quot;,&quot;jet_parallax_layout_bg_size_mobile&quot;:&quot;&quot;,&quot;jet_parallax_layout_animation_prop&quot;:&quot;transform&quot;,&quot;jet_parallax_layout_on&quot;:[&quot;desktop&quot;,&quot;tablet&quot;]}],&quot;background_background&quot;:&quot;classic&quot;}\">\n\t\t\t\t\t\t<div class=\"elementor-container elementor-column-gap-default\">\n\t\t\t\t\t<div class=\"elementor-column elementor-col-100 elementor-top-column elementor-element elementor-element-3c8e55d\" data-id=\"3c8e55d\" data-element_type=\"column\">\n\t\t\t<div class=\"elementor-widget-wrap elementor-element-populated\">\n\t\t\t\t\t\t<div class=\"elementor-element elementor-element-eb2d34f elementor-widget elementor-widget-heading\" data-id=\"eb2d34f\" data-element_type=\"widget\" data-widget_type=\"heading.default\">\n\t\t\t\t<div class=\"elementor-widget-container\">\n\t\t\t\t\t<h2 class=\"elementor-heading-title elementor-size-default\">Descubre como os nosos servizos personalizados<\/h2>\t\t\t\t<\/div>\n\t\t\t\t<\/div>\n\t\t\t\t<div class=\"elementor-element elementor-element-cbd4003 elementor-widget elementor-widget-text-editor\" data-id=\"cbd4003\" data-element_type=\"widget\" data-widget_type=\"text-editor.default\">\n\t\t\t\t<div class=\"elementor-widget-container\">\n\t\t\t\t\t\t\t\t\t<p>TRANSFORMAN o teu estilo e realzan a t\u00faa beleza natural!<\/p>\n\t\t\t\t\t\t\t\t<\/div>\n\t\t\t\t<\/div>\n\t\t\t\t<div class=\"elementor-element elementor-element-b8e89e9 elementor-align-center elementor-widget elementor-widget-button\" data-id=\"b8e89e9\" data-element_type=\"widget\" data-widget_type=\"button.default\">\n\t\t\t\t<div class=\"elementor-widget-container\">\n\t\t\t\t\t\t\t\t\t<div class=\"elementor-button-wrapper\">\n\t\t\t\t\t<a class=\"elementor-button elementor-button-link elementor-size-sm\" href=\"#\">\n\t\t\t\t\t\t<span class=\"elementor-button-content-wrapper\">\n\t\t\t\t\t\t\t\t\t<span class=\"elementor-button-text\">Pide unha cita<\/span>\n\t\t\t\t\t<\/span>\n\t\t\t\t\t<\/a>\n\t\t\t\t<\/div>\n\t\t\t\t\t\t\t\t<\/div>\n\t\t\t\t<\/div>\n\t\t\t\t<div class=\"elementor-element elementor-element-fb8ad9b elementor-widget elementor-widget-heading\" data-id=\"fb8ad9b\" data-element_type=\"widget\" data-widget_type=\"heading.default\">\n\t\t\t\t<div class=\"elementor-widget-container\">\n\t\t\t\t\t<h2 class=\"elementor-heading-title elementor-size-default\">S\u00edguenos en Facebook<\/h2>\t\t\t\t<\/div>\n\t\t\t\t<\/div>\n\t\t\t\t<div class=\"elementor-element elementor-element-cb6e19b elementor-shape-circle elementor-grid-0 e-grid-align-center elementor-widget elementor-widget-social-icons\" data-id=\"cb6e19b\" data-element_type=\"widget\" data-widget_type=\"social-icons.default\">\n\t\t\t\t<div class=\"elementor-widget-container\">\n\t\t\t\t\t\t\t<div class=\"elementor-social-icons-wrapper elementor-grid\">\n\t\t\t\t\t\t\t<span class=\"elementor-grid-item\">\n\t\t\t\t\t<a class=\"elementor-icon elementor-social-icon elementor-social-icon-facebook-f elementor-repeater-item-adb7d60\" href=\"https:\/\/www.facebook.com\/p\/Arancha-Gonz%C3%A1lez-Perruquer%C3%ADa-100063574300363\/\" target=\"_blank\">\n\t\t\t\t\t\t<span class=\"elementor-screen-only\">Facebook-f<\/span>\n\t\t\t\t\t\t<svg aria-hidden=\"true\" class=\"e-font-icon-svg e-fab-facebook-f\" viewBox=\"0 0 320 512\" xmlns=\"http:\/\/www.w3.org\/2000\/svg\"><path d=\"M279.14 288l14.22-92.66h-88.91v-60.13c0-25.35 12.42-50.06 52.24-50.06h40.42V6.26S260.43 0 225.36 0c-73.22 0-121.08 44.38-121.08 124.72v70.62H22.89V288h81.39v224h100.17V288z\"><\/path><\/svg>\t\t\t\t\t<\/a>\n\t\t\t\t<\/span>\n\t\t\t\t\t<\/div>\n\t\t\t\t\t\t<\/div>\n\t\t\t\t<\/div>\n\t\t\t\t\t<\/div>\n\t\t<\/div>\n\t\t\t\t\t<\/div>\n\t\t<\/section>\n\t\t\t\t<\/div>\n\t\t","protected":false},"excerpt":{"rendered":"<p>O noso &nbsp;Servizos CORTE DE PELO Saber m\u00e1is PEITEADOS E PICKUPS Saber m\u00e1is COLORACI\u00d3N Saber m\u00e1is MAQUILLAXE E MANICURAS Saber m\u00e1is TRATAMENTOS CABELLO Saber m\u00e1is PRESOTERAPIA Saber m\u00e1is Descubre como os nosos servizos personalizados TRANSFORMAN o teu estilo e realzan a t\u00faa beleza natural! Pide unha cita S\u00edguenos en Facebook Facebook-f<\/p>\n","protected":false},"author":1,"featured_media":0,"parent":0,"menu_order":0,"comment_status":"closed","ping_status":"closed","template":"elementor_header_footer","meta":{"footnotes":""},"class_list":["post-4423","page","type-page","status-publish","hentry"],"_links":{"self":[{"href":"https:\/\/peluqueriaaranchagonzalez.com\/gl\/wp-json\/wp\/v2\/pages\/4423","targetHints":{"allow":["GET"]}}],"collection":[{"href":"https:\/\/peluqueriaaranchagonzalez.com\/gl\/wp-json\/wp\/v2\/pages"}],"about":[{"href":"https:\/\/peluqueriaaranchagonzalez.com\/gl\/wp-json\/wp\/v2\/types\/page"}],"author":[{"embeddable":true,"href":"https:\/\/peluqueriaaranchagonzalez.com\/gl\/wp-json\/wp\/v2\/users\/1"}],"replies":[{"embeddable":true,"href":"https:\/\/peluqueriaaranchagonzalez.com\/gl\/wp-json\/wp\/v2\/comments?post=4423"}],"version-history":[{"count":0,"href":"https:\/\/peluqueriaaranchagonzalez.com\/gl\/wp-json\/wp\/v2\/pages\/4423\/revisions"}],"wp:attachment":[{"href":"https:\/\/peluqueriaaranchagonzalez.com\/gl\/wp-json\/wp\/v2\/media?parent=4423"}],"curies":[{"name":"wp","href":"https:\/\/api.w.org\/{rel}","templated":true}]}}